{"id":553,"date":"2021-11-02T08:55:26","date_gmt":"2021-11-02T08:55:26","guid":{"rendered":"https:\/\/demo.athemes.com\/sydney-main\/?page_id=553"},"modified":"2022-04-10T19:45:13","modified_gmt":"2022-04-10T23:45:13","slug":"contact-2","status":"publish","type":"page","link":"https:\/\/site1717004244.mywhc.ca\/IP24\/contact-2\/","title":{"rendered":"Contactez-Nous"},"content":{"rendered":"<h4><\/h4>\n<h4 style=\"margin: 0;\">N&#8217;h\u00e9sitez pas \u00e0 nous poser vos questions.<\/h4>\n<h5><img loading=\"lazy\" decoding=\"async\" class=\"wp-image-933 alignnone\" src=\"http:\/\/infopratique.com\/wp-content\/uploads\/2022\/04\/mail-1.png\" alt=\"\" width=\"25\" height=\"25\" srcset=\"https:\/\/site1717004244.mywhc.ca\/IP24\/wp-content\/uploads\/2022\/04\/mail-1.png 256w, https:\/\/site1717004244.mywhc.ca\/IP24\/wp-content\/uploads\/2022\/04\/mail-1-150x150.png 150w, https:\/\/site1717004244.mywhc.ca\/IP24\/wp-content\/uploads\/2022\/04\/mail-1-230x230.png 230w\" sizes=\"auto, (max-width: 25px) 100vw, 25px\" \/> Courriel<\/h5>\n<p>info@infopratique.com<\/p>\n<h5>Location<\/h5>\n<p>Montr\u00e9al et environs.<\/p>\n<h5>Social<\/h5>\n<p><a href=\"https:\/\/www.facebook.com\/site.infopratique\/\" target=\"_blank\" rel=\"noopener\">Facebook<br \/>\n<\/a><a href=\"https:\/\/ca.linkedin.com\/in\/joelserrat\" target=\"_blank\" rel=\"noopener\"><br \/>\nLinkedin<\/a><\/p>\n<h5>Envoyez-nous un message, nous vous r\u00e9pondrons le plus rapidement possible.<\/h5>\n<div class=\"wpforms-container wpforms-container-full\" id=\"wpforms-744\"><form id=\"wpforms-form-744\" class=\"wpforms-validate wpforms-form wpforms-ajax-form\" data-formid=\"744\" method=\"post\" enctype=\"multipart\/form-data\" action=\"\/IP24\/wp-json\/wp\/v2\/pages\/553\" data-token=\"4cfda7a1790de54bcd74eaead46c14e8\" data-token-time=\"1778688792\"><noscript class=\"wpforms-error-noscript\">Please enable JavaScript in your browser to complete this form.<\/noscript><div class=\"wpforms-field-container\"><div id=\"wpforms-744-field_0-container\" class=\"wpforms-field wpforms-field-name wpforms-one-half wpforms-first\" data-field-id=\"0\"><label class=\"wpforms-field-label\" for=\"wpforms-744-field_0\">Nom <span class=\"wpforms-required-label\">*<\/span><\/label><input type=\"text\" id=\"wpforms-744-field_0\" class=\"wpforms-field-large wpforms-field-required\" name=\"wpforms[fields][0]\" required><\/div><div id=\"wpforms-744-field_1-container\" class=\"wpforms-field wpforms-field-email wpforms-one-half\" data-field-id=\"1\"><label class=\"wpforms-field-label\" for=\"wpforms-744-field_1\">Courriel <span class=\"wpforms-required-label\">*<\/span><\/label><input type=\"email\" id=\"wpforms-744-field_1\" class=\"wpforms-field-large wpforms-field-required\" name=\"wpforms[fields][1]\" spellcheck=\"false\" required><\/div><div id=\"wpforms-744-field_2-container\" class=\"wpforms-field wpforms-field-textarea\" data-field-id=\"2\"><label class=\"wpforms-field-label\" for=\"wpforms-744-field_2\">Message <span class=\"wpforms-required-label\">*<\/span><\/label><textarea id=\"wpforms-744-field_2\" class=\"wpforms-field-medium wpforms-field-required\" name=\"wpforms[fields][2]\" required><\/textarea><\/div><\/div><!-- .wpforms-field-container --><div class=\"wpforms-recaptcha-container wpforms-is-recaptcha wpforms-is-recaptcha-type-v2\" ><div class=\"g-recaptcha\" data-sitekey=\"6Ldh8twSAAAAAIr5E120NDp1FEnzDq3bYD2H5S0F\"><\/div><input type=\"text\" name=\"g-recaptcha-hidden\" class=\"wpforms-recaptcha-hidden\" style=\"position:absolute!important;clip:rect(0,0,0,0)!important;height:1px!important;width:1px!important;border:0!important;overflow:hidden!important;padding:0!important;margin:0!important;\" data-rule-recaptcha=\"1\"><\/div><div class=\"wpforms-submit-container\" ><input type=\"hidden\" name=\"wpforms[id]\" value=\"744\"><input type=\"hidden\" name=\"page_title\" value=\"\"><input type=\"hidden\" name=\"page_url\" value=\"https:\/\/site1717004244.mywhc.ca\/IP24\/wp-json\/wp\/v2\/pages\/553\"><input type=\"hidden\" name=\"url_referer\" value=\"\"><button type=\"submit\" name=\"wpforms[submit]\" id=\"wpforms-submit-744\" class=\"wpforms-submit\" data-alt-text=\"Envoi...\" data-submit-text=\"Envoyer\" aria-live=\"assertive\" value=\"wpforms-submit\">Envoyer<\/button><img loading=\"lazy\" decoding=\"async\" src=\"https:\/\/site1717004244.mywhc.ca\/IP24\/wp-content\/plugins\/wpforms-lite\/assets\/images\/submit-spin.svg\" class=\"wpforms-submit-spinner\" style=\"display: none;\" width=\"26\" height=\"26\" alt=\"Loading\"><\/div><\/form><\/div>  <!-- .wpforms-container -->\n","protected":false},"excerpt":{"rendered":"<p>N&#8217;h\u00e9sitez pas \u00e0 nous poser vos questions. Courriel info@infopratique.com Location Montr\u00e9al et environs. Social Facebook Linkedin Envoyez-nous un message, nous vous r\u00e9pondrons [&hellip;]<\/p>\n","protected":false},"author":1,"featured_media":0,"parent":0,"menu_order":0,"comment_status":"closed","ping_status":"closed","template":"page-templates\/page_front-page.php","meta":{"footnotes":""},"class_list":["post-553","page","type-page","status-publish","hentry"],"_links":{"self":[{"href":"https:\/\/site1717004244.mywhc.ca\/IP24\/wp-json\/wp\/v2\/pages\/553","targetHints":{"allow":["GET"]}}],"collection":[{"href":"https:\/\/site1717004244.mywhc.ca\/IP24\/wp-json\/wp\/v2\/pages"}],"about":[{"href":"https:\/\/site1717004244.mywhc.ca\/IP24\/wp-json\/wp\/v2\/types\/page"}],"author":[{"embeddable":true,"href":"https:\/\/site1717004244.mywhc.ca\/IP24\/wp-json\/wp\/v2\/users\/1"}],"replies":[{"embeddable":true,"href":"https:\/\/site1717004244.mywhc.ca\/IP24\/wp-json\/wp\/v2\/comments?post=553"}],"version-history":[{"count":21,"href":"https:\/\/site1717004244.mywhc.ca\/IP24\/wp-json\/wp\/v2\/pages\/553\/revisions"}],"predecessor-version":[{"id":1087,"href":"https:\/\/site1717004244.mywhc.ca\/IP24\/wp-json\/wp\/v2\/pages\/553\/revisions\/1087"}],"wp:attachment":[{"href":"https:\/\/site1717004244.mywhc.ca\/IP24\/wp-json\/wp\/v2\/media?parent=553"}],"curies":[{"name":"wp","href":"https:\/\/api.w.org\/{rel}","templated":true}]}}