{"id":741,"date":"2021-10-29T08:15:42","date_gmt":"2021-10-29T08:15:42","guid":{"rendered":"https:\/\/demo.athemes.com\/sydney-main\/?page_id=5"},"modified":"2024-04-06T22:36:44","modified_gmt":"2024-04-07T02:36:44","slug":"my-front-page","status":"publish","type":"page","link":"https:\/\/site1717004244.mywhc.ca\/IP24\/","title":{"rendered":"Accueil"},"content":{"rendered":"<h2>L&#8217;informatique Pratique<\/h2>\n<p>Depuis <strong>1995<\/strong> nous offrons des services informatiques personnalis\u00e9s \u00e0 domicile en toute discr\u00e9tion.<\/p>\n<h6><a href=\"https:\/\/infopratique.com\/nos_services\/\">Cliquer ici <\/a>pour avoir un apper\u00e7u de nos domaines d&#8217;activit\u00e9.<\/h6>\n<h4>Vous avez un projet, il vous faut un sp\u00e9cialiste ?<\/h4>\n\n\n<article class=\"wp-block-group is-layout-flow wp-block-group-is-layout-flow\">\n<p><img decoding=\"async\" class=\"j0s\" style=\"width: 25px;\" src=\"http:\/\/infopratique.com\/wp-content\/uploads\/2022\/04\/mail-1.png\" alt=\"\">    <img decoding=\"async\" class=\"j0s\" style=\"width: 25px;\" src=\"http:\/\/infopratique.com\/wp-content\/uploads\/2022\/04\/mail.png\" alt=\"\"><a role=\"button\" href=\"https:\/\/infopratique.com\/contact-2\/\">Contactez-nous<\/a><\/p>\n<\/article>\n\n\n\n<!--<p align=\"center\"><a target=\"_blank\" href=\"https:\/\/www.idrive360.com\/enterprise\/partner\/infopratique\" rel=\"noopener\"><img loading=\"lazy\" decoding=\"async\" src=\"https:\/\/www.idrive.com\/include\/images\/promo_360\/300X250.png\" width=\"300\" height=\"250\" border=\"0\" title=\"Endpoint cloud backup for files and images\" alt=\"Endpoint cloud backup for files and images\"><\/a><\/p>-->\n\n\n\n<p><\/p>\n","protected":false},"excerpt":{"rendered":"<p>L&#8217;informatique Pratique Depuis 1995 nous offrons des services informatiques personnalis\u00e9s \u00e0 domicile en toute discr\u00e9tion. Cliquer ici pour avoir un apper\u00e7u de [&hellip;]<\/p>\n","protected":false},"author":1,"featured_media":0,"parent":0,"menu_order":0,"comment_status":"closed","ping_status":"closed","template":"page-templates\/page_front-page.php","meta":{"footnotes":""},"class_list":["post-741","page","type-page","status-publish","hentry"],"_links":{"self":[{"href":"https:\/\/site1717004244.mywhc.ca\/IP24\/wp-json\/wp\/v2\/pages\/741","targetHints":{"allow":["GET"]}}],"collection":[{"href":"https:\/\/site1717004244.mywhc.ca\/IP24\/wp-json\/wp\/v2\/pages"}],"about":[{"href":"https:\/\/site1717004244.mywhc.ca\/IP24\/wp-json\/wp\/v2\/types\/page"}],"author":[{"embeddable":true,"href":"https:\/\/site1717004244.mywhc.ca\/IP24\/wp-json\/wp\/v2\/users\/1"}],"replies":[{"embeddable":true,"href":"https:\/\/site1717004244.mywhc.ca\/IP24\/wp-json\/wp\/v2\/comments?post=741"}],"version-history":[{"count":25,"href":"https:\/\/site1717004244.mywhc.ca\/IP24\/wp-json\/wp\/v2\/pages\/741\/revisions"}],"predecessor-version":[{"id":1321,"href":"https:\/\/site1717004244.mywhc.ca\/IP24\/wp-json\/wp\/v2\/pages\/741\/revisions\/1321"}],"wp:attachment":[{"href":"https:\/\/site1717004244.mywhc.ca\/IP24\/wp-json\/wp\/v2\/media?parent=741"}],"curies":[{"name":"wp","href":"https:\/\/api.w.org\/{rel}","templated":true}]}}